{"id":7251,"date":"2022-09-13T08:54:47","date_gmt":"2022-09-13T08:54:47","guid":{"rendered":"https:\/\/stalviallum.cat\/?page_id=7251"},"modified":"2023-10-26T05:19:30","modified_gmt":"2023-10-26T05:19:30","slug":"darse-alta-stalviallum","status":"publish","type":"page","link":"https:\/\/stalviallum.cat\/index.php\/es\/darse-alta-stalviallum\/","title":{"rendered":"Darse de alta"},"content":{"rendered":"\t\t<div data-elementor-type=\"wp-page\" data-elementor-id=\"7251\" class=\"elementor elementor-7251\" data-elementor-post-type=\"page\">\n\t\t\t\t\t\t\t\t\t<div class=\"elementor-section elementor-top-section elementor-element elementor-element-fcb8363 elementor-section-stretched elementor-section-full_width elementor-section-height-min-height elementor-section-height-default elementor-section-items-middle\" data-id=\"fcb8363\" data-element_type=\"section\" data-settings=\"{&quot;stretch_section&quot;:&quot;section-stretched&quot;,&quot;background_background&quot;:&quot;classic&quot;}\">\n\t\t\t\t\t\t<div class=\"elementor-container elementor-column-gap-no\">\n\t\t\t\t\t<div class=\"elementor-column elementor-col-100 elementor-top-column elementor-element elementor-element-29e528ac\" data-id=\"29e528ac\" data-element_type=\"column\">\n\t\t\t<div class=\"elementor-widget-wrap elementor-element-populated\">\n\t\t\t\t\t\t\t\t<div class=\"elementor-element elementor-element-5054304d elementor-widget elementor-widget-r-energy-page-hero-section\" data-id=\"5054304d\" data-element_type=\"widget\" data-widget_type=\"r-energy-page-hero-section.default\">\n\t\t\t\t<div class=\"elementor-widget-container\">\n\t\t\t<div class=\"promo-primary\"><div class=\"container\"><div class=\"row\"><div class=\"col-12\"><div class=\"align-container\"><div class=\"align-item\"><span class=\"site__name\">Stalviallum<\/span><h1 class=\"title\">Darse de alta<\/h1><\/div><\/div><\/div><\/div><\/div><\/div>\t\t<\/div>\n\t\t\t\t<\/div>\n\t\t\t\t\t<\/div>\n\t\t<\/div>\n\t\t\t\t\t\t\t<\/div>\n\t\t<\/div>\n\t\t\t\t<div class=\"elementor-section elementor-top-section elementor-element elementor-element-17617402 elementor-section-stretched elementor-section-full_width elementor-section-height-default elementor-section-height-default\" data-id=\"17617402\" data-element_type=\"section\" data-settings=\"{&quot;stretch_section&quot;:&quot;section-stretched&quot;}\">\n\t\t\t\t\t\t<div class=\"elementor-container elementor-column-gap-no\">\n\t\t\t\t\t<div class=\"elementor-column elementor-col-100 elementor-top-column elementor-element elementor-element-2c8ce81a\" data-id=\"2c8ce81a\" data-element_type=\"column\" data-settings=\"{&quot;background_background&quot;:&quot;classic&quot;}\">\n\t\t\t<div class=\"elementor-widget-wrap elementor-element-populated\">\n\t\t\t\t\t<div class=\"elementor-background-overlay\"><\/div>\n\t\t\t\t\t\t\t\t<div class=\"elementor-element elementor-element-cc03beb elementor-widget elementor-widget-r-energy-services-section\" data-id=\"cc03beb\" data-element_type=\"widget\" data-widget_type=\"r-energy-services-section.default\">\n\t\t\t\t<div class=\"elementor-widget-container\">\n\t\t\t<div class=\"services-inner services-inner--style-3\"><div class=\"container\"><div class=\"row margin-bottom\"><div class=\"col-xl-7 col-lg-6\"><div class=\"heading primary-heading inner-heading\"><div class=\"title-holder\"><div class=\"title-block\"><h3 class=\"title\">Darse de alta en Stalviallum<\/h3><p class=\"subtitle\">Limpio, Seguro<br\/> Renovable<\/p><\/div><div class=\"img-block\"><div class=\"icon\"><svg xmlns=\"http:\/\/www.w3.org\/2000\/svg\" id=\"Capa_1\" data-name=\"Capa 1\" viewBox=\"0 0 488 333.88\"><defs><style> .cls-1 { fill: #57578c; } .cls-2 { fill: #f6bc10; } <\/style><\/defs><path class=\"cls-1\" d=\"M476.32,194.22c0,77.11-59.19,139.65-132.16,139.65-43.41,0-81.9-22.14-106-56.31-2.4-3.36-4.62-6.84-6.71-10.42l-.31-.57-42.02-72.35-18.22-31.34-.35-.61c-8.46-14.56-22.49-24.06-38.4-24.06-25.8,0-46.73,25.06-46.73,56.01H0C0,117.07,59.19,54.53,132.16,54.53c43.41,0,81.94,22.14,106,56.31,2.4,3.36,4.62,6.84,6.71,10.42l.31,.57,42.06,72.4,18.18,31.3,.35,.61c8.46,14.56,22.49,24.06,38.4,24.06,25.8,0,46.73-25.06,46.73-55.97h85.43Z\"><\/path><path class=\"cls-2\" d=\"M488,54.53c0,25.28-17.17,46.51-40.54,52.7-4.45,1.18-9.15,1.83-13.99,1.83-28.46,0-51.78-21.75-54.31-49.56-.13-1.61-.22-3.27-.22-4.97,0-30.12,24.41-54.53,54.53-54.53s54.53,24.41,54.53,54.53Z\"><\/path><\/svg><\/div><\/div><\/div><\/div><\/div><div class=\"col-xl-5 col-lg-6\"><div class=\"heading-description\"><p>Con pocos pasos puedes empezar a ahorrar con Stalviallum de forma f\u00e1cil y r\u00e1pida, s\u00f3lo tienes que seleccionar el perfil de cliente que eres y rellenar el formulario con los datos necesarios. Por un futuro movido por el sol y el ahorro energ\u00e9tico. <strong>Nunca ha sido tan f\u00e1cil sacar el m\u00e1ximo rendimiento al sol.<\/strong><\/p><\/div><\/div><\/div><\/div><div class=\"content-holder\"><span class=\"info\">Servicios para su empresa, hogar o colaboraciones<\/span><div class=\"content\"><div class=\"container\"><div class=\"row offset-margin justify-content-sm-center\"><div class=\"col-sm-8 col-md-6 col-lg-4\"><div class=\"info-box\"><div class=\"info-box__img\"><img src=\"http:\/\/stalviallum.cat\/wp-content\/uploads\/2022\/08\/Serveis-STALVIALLUM-1.jpg\" alt=\"Serveis Particulars STALVIALLUM\"\/><\/div><div class=\"info-box__description\"><div class=\"info-box__number\">01<\/div><div class=\"info-box__inner\"><h4 class=\"info-box__title\"><a href=\"https:\/\/stalviallum.cat\/index.php\/es\/particular-ahorrar-luz-gas\/\" target=\"_blank\">Particulares<\/a><i class=\"fa fa-chevron-right\" aria-hidden=\"true\"><\/i><\/h4><div class=\"info-box__hidden\"><p>Las tarifas de luz 100% verdes adaptadas a tu casa. Transformamos los tejados en fuentes de energ\u00eda 100% verde para todos.<\/p>\n<a class=\"info-box__link with--line\" href=\"https:\/\/stalviallum.cat\/index.php\/es\/particular-ahorrar-luz-gas\/\" target=\"_blank\">Ir al formulario<\/a><\/div><\/div><\/div><\/div><\/div><div class=\"col-sm-8 col-md-6 col-lg-4\"><div class=\"info-box\"><div class=\"info-box__img\"><img src=\"http:\/\/stalviallum.cat\/wp-content\/uploads\/2022\/08\/Serveis-STALVIALLUM-2.jpg\" alt=\"Instalaciones en Empresas\"\/><\/div><div class=\"info-box__description\"><div class=\"info-box__number\">02<\/div><div class=\"info-box__inner\"><h4 class=\"info-box__title\"><a href=\"https:\/\/stalviallum.cat\/index.php\/es\/empresa-reducir-factura-luz\/\" target=\"_blank\">Empresas<\/a><i class=\"fa fa-chevron-right\" aria-hidden=\"true\"><\/i><\/h4><div class=\"info-box__hidden\"><p>Ofrecemos todo nuestro conocimiento y experiencia para encontrar las necesidades m\u00e1s adecuadas y que haya ahorro en las facturas de fin de mes.<\/p>\n<a class=\"info-box__link with--line\" href=\"https:\/\/stalviallum.cat\/index.php\/es\/empresa-reducir-factura-luz\/\" target=\"_blank\">Ir al formulario<\/a><\/div><\/div><\/div><\/div><\/div><div class=\"col-sm-8 col-md-6 col-lg-4\"><div class=\"info-box\"><div class=\"info-box__img\"><img src=\"http:\/\/stalviallum.cat\/wp-content\/uploads\/2022\/08\/immobiliaries.jpg\" alt=\"Col\u00b7laboradors Stalviallum\"\/><\/div><div class=\"info-box__description\"><div class=\"info-box__number\">03<\/div><div class=\"info-box__inner\"><h4 class=\"info-box__title\"><a href=\"https:\/\/stalviallum.cat\/index.php\/es\/colaboradores-con-stalviallum\/\" target=\"_blank\">Colaboradores<\/a><i class=\"fa fa-chevron-right\" aria-hidden=\"true\"><\/i><\/h4><div class=\"info-box__hidden\"><p>La eficiencia energ\u00e9tica cada vez toma mayor protagonismo en el sector inmobiliario. Tendencia con reflejo en el valor de la vivienda. \u00bfColaboramos?<\/p>\n<a class=\"info-box__link with--line\" href=\"https:\/\/stalviallum.cat\/index.php\/es\/colaboradores-con-stalviallum\/\" target=\"_blank\">Ir al formulario<\/a><\/div><\/div><\/div><\/div><\/div><\/div><\/div><\/div><\/div><\/div>\t\t<\/div>\n\t\t\t\t<\/div>\n\t\t\t\t\t<\/div>\n\t\t<\/div>\n\t\t\t\t\t\t\t<\/div>\n\t\t<\/div>\n\t\t\t\t\t\t\t<\/div>\n\t\t","protected":false},"excerpt":{"rendered":"<p>Stalviallum Darse de alta Darse de alta en Stalviallum Limpio, Seguro Renovable Con pocos pasos puedes empezar a ahorrar con Stalviallum de forma f\u00e1cil y r\u00e1pida, s\u00f3lo tienes que seleccionar el perfil de cliente que eres y rellenar el formulario con los datos necesarios. Por un futuro movido por el sol y el ahorro energ\u00e9tico&#8230;.<\/p>\n","protected":false},"author":1,"featured_media":6497,"parent":0,"menu_order":0,"comment_status":"closed","ping_status":"closed","template":"r-energy-elementor-page.php","meta":[],"acf":[],"aioseo_notices":[],"_links":{"self":[{"href":"https:\/\/stalviallum.cat\/index.php\/wp-json\/wp\/v2\/pages\/7251"}],"collection":[{"href":"https:\/\/stalviallum.cat\/index.php\/wp-json\/wp\/v2\/pages"}],"about":[{"href":"https:\/\/stalviallum.cat\/index.php\/wp-json\/wp\/v2\/types\/page"}],"author":[{"embeddable":true,"href":"https:\/\/stalviallum.cat\/index.php\/wp-json\/wp\/v2\/users\/1"}],"replies":[{"embeddable":true,"href":"https:\/\/stalviallum.cat\/index.php\/wp-json\/wp\/v2\/comments?post=7251"}],"version-history":[{"count":17,"href":"https:\/\/stalviallum.cat\/index.php\/wp-json\/wp\/v2\/pages\/7251\/revisions"}],"predecessor-version":[{"id":7694,"href":"https:\/\/stalviallum.cat\/index.php\/wp-json\/wp\/v2\/pages\/7251\/revisions\/7694"}],"wp:featuredmedia":[{"embeddable":true,"href":"https:\/\/stalviallum.cat\/index.php\/wp-json\/wp\/v2\/media\/6497"}],"wp:attachment":[{"href":"https:\/\/stalviallum.cat\/index.php\/wp-json\/wp\/v2\/media?parent=7251"}],"curies":[{"name":"wp","href":"https:\/\/api.w.org\/{rel}","templated":true}]}}